{"id":4970,"date":"2026-03-06T14:48:54","date_gmt":"2026-03-06T19:48:54","guid":{"rendered":"https:\/\/patient7.com\/?page_id=4970"},"modified":"2026-03-06T14:51:07","modified_gmt":"2026-03-06T19:51:07","slug":"websitedevelopment","status":"publish","type":"page","link":"https:\/\/patient7.com\/fr\/websitedevelopment\/","title":{"rendered":"D\u00e9veloppement de site web"},"content":{"rendered":"<div data-elementor-type=\"wp-page\" data-elementor-id=\"4970\" class=\"elementor elementor-4970\">\n\t\t\t\t<div class=\"elementor-element elementor-element-61045bd8 e-flex e-con-boxed e-con e-parent\" data-id=\"61045bd8\" data-element_type=\"container\" data-e-type=\"container\" data-settings=\"{&quot;background_background&quot;:&quot;classic&quot;}\">\n\t\t\t\t\t<div class=\"e-con-inner\">\n\t\t\t\t<div class=\"elementor-element elementor-element-2876f8bf elementor-widget elementor-widget-heading\" data-id=\"2876f8bf\" data-element_type=\"widget\" data-e-type=\"widget\" data-widget_type=\"heading.default\">\n\t\t\t\t<div class=\"elementor-widget-container\">\n\t\t\t\t\t<h2 class=\"elementor-heading-title elementor-size-default\">D\u00e9veloppement de site web<\/h2>\t\t\t\t<\/div>\n\t\t\t\t<\/div>\n\t\t\t\t\t<\/div>\n\t\t\t\t<\/div>\n\t\t\t\t<section class=\"elementor-section elementor-top-section elementor-element elementor-element-3ed2da34 elementor-section-boxed elementor-section-height-default elementor-section-height-default\" data-id=\"3ed2da34\" data-element_type=\"section\" data-e-type=\"section\">\n\t\t\t\t\t\t<div class=\"elementor-container elementor-column-gap-default\">\n\t\t\t\t\t<div class=\"elementor-column elementor-col-100 elementor-top-column elementor-element elementor-element-7c040aca\" data-id=\"7c040aca\" data-element_type=\"column\" data-e-type=\"column\">\n\t\t\t<div class=\"elementor-widget-wrap elementor-element-populated\">\n\t\t\t\t\t\t<div class=\"elementor-element elementor-element-57954789 elementor-widget elementor-widget-text-editor\" data-id=\"57954789\" data-element_type=\"widget\" data-e-type=\"widget\" data-widget_type=\"text-editor.default\">\n\t\t\t\t<div class=\"elementor-widget-container\">\n\t\t\t\t\t\t\t\t\t<h2 data-section-id=\"1s067vr\" data-start=\"214\" data-end=\"266\">Connectez-vous avec vos patients \u2014 d\u00e8s le premier clic<\/h2><p data-start=\"268\" data-end=\"456\">Dans un monde o\u00f9 le num\u00e9rique est au c\u0153ur des interactions, votre site web est souvent le premier contact qu\u2019un patient a avec votre clinique. Il doit inspirer confiance, refl\u00e9ter votre professionnalisme et rendre la prise de rendez-vous simple et fluide.<\/p><p data-start=\"458\" data-end=\"550\">Patient7 con\u00e7oit des sites web strat\u00e9giques et modernes pour les cliniques, qui ne sont pas seulement esth\u00e9tiques \u2014 ils sont performants.<\/p><p data-start=\"552\" data-end=\"598\">Avec notre service de d\u00e9veloppement de site web, vous pouvez :<\/p><ul><li data-start=\"600\" data-end=\"721\"><strong data-start=\"600\" data-end=\"624\">Attirer de nouveaux patients :<\/strong> \u2013 Des pages con\u00e7ues de mani\u00e8re professionnelle et ax\u00e9es sur la conversion, qui transforment les visiteurs en rendez-vous confirm\u00e9s.<\/li><li data-start=\"723\" data-end=\"840\"><strong data-start=\"723\" data-end=\"748\">Inspirez confiance instantan\u00e9ment<\/strong> \u2013 Un message clair, un design \u00e9pur\u00e9 et une image de marque forte qui refl\u00e8tent la qualit\u00e9 de vos soins.<\/li><li data-start=\"723\" data-end=\"840\"><strong data-start=\"842\" data-end=\"874\">Simplifiez le parcours des patients<\/strong> \u2013 Une int\u00e9gration fluide de la prise de rendez-vous en ligne et une exp\u00e9rience optimis\u00e9e pour mobile, afin de faciliter la prise de contact.<\/li><li data-start=\"723\" data-end=\"840\"><strong data-start=\"977\" data-end=\"1001\">D\u00e9veloppez votre clinique en toute confiance<\/strong> \u2013 Une base \u00e9volutive con\u00e7ue pour soutenir vos efforts marketing et votre croissance \u00e0 long terme.<\/li><\/ul>\t\t\t\t\t\t\t\t<\/div>\n\t\t\t\t<\/div>\n\t\t\t\t\t<\/div>\n\t\t<\/div>\n\t\t\t\t\t<\/div>\n\t\t<\/section>\n\t\t<div class=\"elementor-element elementor-element-c71e9d0 e-flex e-con-boxed e-con e-parent\" data-id=\"c71e9d0\" data-element_type=\"container\" data-e-type=\"container\">\n\t\t\t\t\t<div class=\"e-con-inner\">\n\t\t\t\t<div class=\"elementor-element elementor-element-ad5ce79 elementor-widget elementor-widget-text-editor\" data-id=\"ad5ce79\" data-element_type=\"widget\" data-e-type=\"widget\" data-widget_type=\"text-editor.default\">\n\t\t\t\t<div class=\"elementor-widget-container\">\n\t\t\t\t\t\t\t\t\t<h5 data-start=\"124\" data-end=\"426\">Vos futurs patients vous recherchent \u2014 assurons-nous qu\u2019ils vous trouvent.<\/h5><p data-start=\"124\" data-end=\"426\">Une pr\u00e9sence en ligne solide n\u2019est plus optionnelle \u2014 elle est essentielle.\n\nConfiez \u00e0 notre \u00e9quipe la cr\u00e9ation d\u2019un site web strat\u00e9gique et performant, qui attire les bons patients, refl\u00e8te votre expertise et travaille pour la croissance de votre clinique, 24 heures sur 24.<\/p><p data-start=\"88\" data-end=\"298\"><strong data-start=\"88\" data-end=\"298\">D\u00e9couvrez ce que nos clients disent de leur exp\u00e9rience en d\u00e9veloppement de site web avec Patient7 et voyez comment nous avons aid\u00e9 des cliniques \u00e0 lancer des sites modernes et performants qui attirent et convertissent de nouveaux patients.<\/strong><\/p><p data-start=\"300\" data-end=\"354\">\u00a0<\/p>\t\t\t\t\t\t\t\t<\/div>\n\t\t\t\t<\/div>\n\t\t\t\t\t<\/div>\n\t\t\t\t<\/div>\n\t\t<div class=\"elementor-element elementor-element-b43748a e-flex e-con-boxed e-con e-parent\" data-id=\"b43748a\" data-element_type=\"container\" data-e-type=\"container\">\n\t\t\t\t\t<div class=\"e-con-inner\">\n\t\t\t\t<div class=\"elementor-element elementor-element-c04e5ad elementor-widget__width-initial elementor-widget elementor-widget-elementskit-testimonial\" data-id=\"c04e5ad\" data-element_type=\"widget\" data-e-type=\"widget\" data-widget_type=\"elementskit-testimonial.default\">\n\t\t\t\t<div class=\"elementor-widget-container\">\n\t\t\t\t\t<div class=\"ekit-wid-con\" ><div  class=\"elementskit-testimonial-slider ekit_testimonial_style_6 arrow_inside\" data-config=\"{&quot;rtl&quot;:false,&quot;arrows&quot;:false,&quot;dots&quot;:false,&quot;pauseOnHover&quot;:true,&quot;autoplay&quot;:true,&quot;speed&quot;:1000,&quot;slidesPerGroup&quot;:1,&quot;slidesPerView&quot;:1,&quot;loop&quot;:false,&quot;spaceBetween&quot;:15,&quot;breakpoints&quot;:{&quot;320&quot;:{&quot;slidesPerView&quot;:1,&quot;slidesPerGroup&quot;:1,&quot;spaceBetween&quot;:10},&quot;768&quot;:{&quot;slidesPerView&quot;:2,&quot;slidesPerGroup&quot;:1,&quot;spaceBetween&quot;:10},&quot;1024&quot;:{&quot;slidesPerView&quot;:1,&quot;slidesPerGroup&quot;:1,&quot;spaceBetween&quot;:15}}}\">\n\t<div class=\"ekit-main-swiper swiper\">\n\t\t<div class=\"swiper-wrapper\">\n\t\t\t\t\t\t\t<div class=\"swiper-slide\">\n\t\t\t\t\t<div class=\"swiper-slide-inner\">\n\t\t\t\t\t\t<div class=\"elementskit-single-testimonial-slider elementskit-testimonial-slider-block-style elementskit-testimonial-slider-block-style-three  elementor-repeater-item-3c00169\" >\n\t\t\t\t\t\t\t\t\t\t\t\t\t\t\t\t\t\t\t\t\t\t<div class=\"elementskit-commentor-bio\">\n\t\t\t\t\t\t\t\t\t<div class=\"elementkit-commentor-details\">\n\t\t\t\t\t\t\t\t\t\t<div class=\"elementskit-commentor-image ekit-testimonial--avatar\">\n\t\t\t\t\t\t\t\t\t\t\t<img decoding=\"async\" width=\"70\" height=\"70\" src=\"https:\/\/patient7.com\/wp-content\/uploads\/2026\/03\/2025-12-12_Clinique-96-682x1024-1-e1772826411591.webp\" class=\"attachment-full size-full\" alt=\"Dr. Elizabeth Gingras - Clinique podiatrique de Nicolet\" srcset=\"https:\/\/patient7.com\/wp-content\/uploads\/2026\/03\/2025-12-12_Clinique-96-682x1024-1-e1772826411591.webp 362w, https:\/\/patient7.com\/wp-content\/uploads\/2026\/03\/2025-12-12_Clinique-96-682x1024-1-e1772826411591-300x288.webp 300w, https:\/\/patient7.com\/wp-content\/uploads\/2026\/03\/2025-12-12_Clinique-96-682x1024-1-e1772826411591-12x12.webp 12w\" sizes=\"(max-width: 362px) 100vw, 362px\" \/>\t\t\t\t\t\t\t\t\t\t<\/div>\n\t\t\t\t\t\t\t\t\t<\/div>\n\t\t\t\t\t\t\t\t<\/div>\n\t\t\t\t\t\t\t\n\t\t\t\t\t\t\t\t\t\t\t\t\t\t\t<div class=\"elementskit-profile-info\">\n\t\t\t\t\t\t\t\t\t\t\t\t\t\t\t\t\t\t<strong class=\"elementskit-author-name\">Dre. \u00c9lizabeth G. Podiatre<\/strong>\n\t\t\t\t\t\t\t\t\t\t\t\t\t\t\t\t\t\t\t\t\t\t\t\t\t\t\t<span class=\"elementskit-author-des\">Propri\u00e9taire de la Clinique podiatrique de Nicolet <\/span>\n\t\t\t\t\t\t\t\t\t\t\t\t\t\t\t\t\t<\/div>\n\t\t\t\t\t\t\t\n\t\t\t\t\t\t\t\t\t\t\t\t\t\t\t<div class=\"elementskit-commentor-content\">\n\t\t\t\t\t\t\t\t\t\t\t\t\t\t\t\t\t\t\t<ul class=\"elementskit-stars\">\n\t\t\t\t\t\t\t\t\t\t\t\t\t\t\t\t\t\t\t\t\t<li><a><svg xmlns=\"http:\/\/www.w3.org\/2000\/svg\" viewbox=\"0 0 576 512\"><path d=\"M316.9 18C311.6 7 300.4 0 288.1 0s-23.4 7-28.8 18L195 150.3 51.4 171.5c-12 1.8-22 10.2-25.7 21.7s-.7 24.2 7.9 32.7L137.8 329 113.2 474.7c-2 12 3 24.2 12.9 31.3s23 8 33.8 2.3l128.3-68.5 128.3 68.5c10.8 5.7 23.9 4.9 33.8-2.3s14.9-19.3 12.9-31.3L438.5 329 542.7 225.9c8.6-8.5 11.7-21.2 7.9-32.7s-13.7-19.9-25.7-21.7L381.2 150.3 316.9 18z\" \/><\/svg><\/a><\/li>\n\t\t\t\t\t\t\t\t\t\t\t\t\t\t\t\t\t\t\t\t\t<li><a><svg xmlns=\"http:\/\/www.w3.org\/2000\/svg\" viewbox=\"0 0 576 512\"><path d=\"M316.9 18C311.6 7 300.4 0 288.1 0s-23.4 7-28.8 18L195 150.3 51.4 171.5c-12 1.8-22 10.2-25.7 21.7s-.7 24.2 7.9 32.7L137.8 329 113.2 474.7c-2 12 3 24.2 12.9 31.3s23 8 33.8 2.3l128.3-68.5 128.3 68.5c10.8 5.7 23.9 4.9 33.8-2.3s14.9-19.3 12.9-31.3L438.5 329 542.7 225.9c8.6-8.5 11.7-21.2 7.9-32.7s-13.7-19.9-25.7-21.7L381.2 150.3 316.9 18z\" \/><\/svg><\/a><\/li>\n\t\t\t\t\t\t\t\t\t\t\t\t\t\t\t\t\t\t\t\t\t<li><a><svg xmlns=\"http:\/\/www.w3.org\/2000\/svg\" viewbox=\"0 0 576 512\"><path d=\"M316.9 18C311.6 7 300.4 0 288.1 0s-23.4 7-28.8 18L195 150.3 51.4 171.5c-12 1.8-22 10.2-25.7 21.7s-.7 24.2 7.9 32.7L137.8 329 113.2 474.7c-2 12 3 24.2 12.9 31.3s23 8 33.8 2.3l128.3-68.5 128.3 68.5c10.8 5.7 23.9 4.9 33.8-2.3s14.9-19.3 12.9-31.3L438.5 329 542.7 225.9c8.6-8.5 11.7-21.2 7.9-32.7s-13.7-19.9-25.7-21.7L381.2 150.3 316.9 18z\" \/><\/svg><\/a><\/li>\n\t\t\t\t\t\t\t\t\t\t\t\t\t\t\t\t\t\t\t\t\t<li><a><svg xmlns=\"http:\/\/www.w3.org\/2000\/svg\" viewbox=\"0 0 576 512\"><path d=\"M316.9 18C311.6 7 300.4 0 288.1 0s-23.4 7-28.8 18L195 150.3 51.4 171.5c-12 1.8-22 10.2-25.7 21.7s-.7 24.2 7.9 32.7L137.8 329 113.2 474.7c-2 12 3 24.2 12.9 31.3s23 8 33.8 2.3l128.3-68.5 128.3 68.5c10.8 5.7 23.9 4.9 33.8-2.3s14.9-19.3 12.9-31.3L438.5 329 542.7 225.9c8.6-8.5 11.7-21.2 7.9-32.7s-13.7-19.9-25.7-21.7L381.2 150.3 316.9 18z\" \/><\/svg><\/a><\/li>\n\t\t\t\t\t\t\t\t\t\t\t\t\t\t\t\t\t\t\t\t\t<li><a><svg xmlns=\"http:\/\/www.w3.org\/2000\/svg\" viewbox=\"0 0 576 512\"><path d=\"M316.9 18C311.6 7 300.4 0 288.1 0s-23.4 7-28.8 18L195 150.3 51.4 171.5c-12 1.8-22 10.2-25.7 21.7s-.7 24.2 7.9 32.7L137.8 329 113.2 474.7c-2 12 3 24.2 12.9 31.3s23 8 33.8 2.3l128.3-68.5 128.3 68.5c10.8 5.7 23.9 4.9 33.8-2.3s14.9-19.3 12.9-31.3L438.5 329 542.7 225.9c8.6-8.5 11.7-21.2 7.9-32.7s-13.7-19.9-25.7-21.7L381.2 150.3 316.9 18z\" \/><\/svg><\/a><\/li>\n\t\t\t\t\t\t\t\t\t\t\t\t\t\t\t\t\t\t\t<\/ul>\n\t\t\t\t\t\t\t\t\t\t\t\t\t\t\t\t\t\t<p>J\u2019ai ador\u00e9 mon exp\u00e9rience avec l\u2019\u00e9quipe de Patient 7 pour la cr\u00e9ation du site web de ma clinique. Le r\u00e9sultat est professionnel, clair et fid\u00e8le \u00e0 notre image, et la prise de rendez-vous en ligne facilite vraiment la vie de nos patients.\n\nJe me suis sentie accompagn\u00e9e tout au long du projet : mes id\u00e9es ont \u00e9t\u00e9 respect\u00e9es, les communications \u00e9taient rapides et efficaces, et le travail s\u2019est fait en v\u00e9ritable collaboration.\n\nUn merci sp\u00e9cial \u00e0 Jennifer pour sa disponibilit\u00e9 et son professionnalisme.\n\nJe recommande sans h\u00e9siter Patient7.\n<\/p>\n\t\t\t\t\t\t\t\t<\/div>\n\t\t\t\t\t\t\t\t\t\t\t\t\t<\/div>\n\t\t\t\t\t<\/div>\n\t\t\t\t<\/div>\n\t\t\t\t\t<\/div>\n\n\t\t\n\t\t\t<\/div>\n<\/div>\n<\/div>\t\t\t\t<\/div>\n\t\t\t\t<\/div>\n\t\t\t\t<div class=\"elementor-element elementor-element-26e17e6 elementor-widget elementor-widget-text-editor\" data-id=\"26e17e6\" data-element_type=\"widget\" data-e-type=\"widget\" data-widget_type=\"text-editor.default\">\n\t\t\t\t<div class=\"elementor-widget-container\">\n\t\t\t\t\t\t\t\t\t<p data-start=\"124\" data-end=\"426\">\u00a0<\/p><p data-start=\"428\" data-end=\"523\"><strong data-start=\"428\" data-end=\"523\">Contactez-nous d\u00e8s aujourd\u2019hui et commen\u00e7ons \u00e0 b\u00e2tir un site web qui travaille aussi fort que vous.<\/strong><\/p>\t\t\t\t\t\t\t\t<\/div>\n\t\t\t\t<\/div>\n\t\t\t\t<div class=\"elementor-element elementor-element-a16dad2 elementor-widget elementor-widget-button\" data-id=\"a16dad2\" data-element_type=\"widget\" data-e-type=\"widget\" data-widget_type=\"button.default\">\n\t\t\t\t<div class=\"elementor-widget-container\">\n\t\t\t\t\t\t\t\t\t<div class=\"elementor-button-wrapper\">\n\t\t\t\t\t<a class=\"elementor-button elementor-button-link elementor-size-sm\" href=\"https:\/\/patient7.com\/fr\/sign-up\/\">\n\t\t\t\t\t\t<span class=\"elementor-button-content-wrapper\">\n\t\t\t\t\t\t\t\t\t<span class=\"elementor-button-text\">Obtenez votre consultation gratuite<\/span>\n\t\t\t\t\t<\/span>\n\t\t\t\t\t<\/a>\n\t\t\t\t<\/div>\n\t\t\t\t\t\t\t\t<\/div>\n\t\t\t\t<\/div>\n\t\t\t\t\t<\/div>\n\t\t\t\t<\/div>\n\t\t\t\t<\/div>","protected":false},"excerpt":{"rendered":"<p>Website Development Connect With Your Patients \u2014 From the First Click In today\u2019s digital-first world, your website is often the first interaction a patient has with your clinic. It should build trust, communicate professionalism, and make booking effortless. Patient7 designs strategic, modern clinic websites that don\u2019t just look good \u2014 they perform. With our Website [&hellip;]<\/p>\n","protected":false},"author":7,"featured_media":4975,"parent":0,"menu_order":0,"comment_status":"closed","ping_status":"closed","template":"","meta":{"content-type":"","footnotes":""},"class_list":["post-4970","page","type-page","status-publish","has-post-thumbnail","hentry"],"blocksy_meta":[],"aioseo_notices":[],"_links":{"self":[{"href":"https:\/\/patient7.com\/fr\/wp-json\/wp\/v2\/pages\/4970","targetHints":{"allow":["GET"]}}],"collection":[{"href":"https:\/\/patient7.com\/fr\/wp-json\/wp\/v2\/pages"}],"about":[{"href":"https:\/\/patient7.com\/fr\/wp-json\/wp\/v2\/types\/page"}],"author":[{"embeddable":true,"href":"https:\/\/patient7.com\/fr\/wp-json\/wp\/v2\/users\/7"}],"replies":[{"embeddable":true,"href":"https:\/\/patient7.com\/fr\/wp-json\/wp\/v2\/comments?post=4970"}],"version-history":[{"count":4,"href":"https:\/\/patient7.com\/fr\/wp-json\/wp\/v2\/pages\/4970\/revisions"}],"predecessor-version":[{"id":4977,"href":"https:\/\/patient7.com\/fr\/wp-json\/wp\/v2\/pages\/4970\/revisions\/4977"}],"wp:featuredmedia":[{"embeddable":true,"href":"https:\/\/patient7.com\/fr\/wp-json\/wp\/v2\/media\/4975"}],"wp:attachment":[{"href":"https:\/\/patient7.com\/fr\/wp-json\/wp\/v2\/media?parent=4970"}],"curies":[{"name":"wp","href":"https:\/\/api.w.org\/{rel}","templated":true}]}}