{"id":4830,"date":"2025-07-11T12:50:18","date_gmt":"2025-07-11T16:50:18","guid":{"rendered":"https:\/\/patient7.com\/?page_id=4830"},"modified":"2025-07-11T12:53:39","modified_gmt":"2025-07-11T16:53:39","slug":"referral-program","status":"publish","type":"page","link":"https:\/\/patient7.com\/fr\/referral-program\/","title":{"rendered":"Programme de parrainage"},"content":{"rendered":"<div data-elementor-type=\"wp-page\" data-elementor-id=\"4830\" class=\"elementor elementor-4830\">\n\t\t\t\t<div class=\"elementor-element elementor-element-61045bd8 e-flex e-con-boxed e-con e-parent\" data-id=\"61045bd8\" data-element_type=\"container\" data-e-type=\"container\" data-settings=\"{&quot;background_background&quot;:&quot;classic&quot;}\">\n\t\t\t\t\t<div class=\"e-con-inner\">\n\t\t\t\t<div class=\"elementor-element elementor-element-2876f8bf elementor-widget elementor-widget-heading\" data-id=\"2876f8bf\" data-element_type=\"widget\" data-e-type=\"widget\" data-widget_type=\"heading.default\">\n\t\t\t\t<div class=\"elementor-widget-container\">\n\t\t\t\t\t<h2 class=\"elementor-heading-title elementor-size-default\">Programme de parrainage<\/h2>\t\t\t\t<\/div>\n\t\t\t\t<\/div>\n\t\t\t\t\t<\/div>\n\t\t\t\t<\/div>\n\t\t\t\t<section class=\"elementor-section elementor-top-section elementor-element elementor-element-3ed2da34 elementor-section-boxed elementor-section-height-default elementor-section-height-default\" data-id=\"3ed2da34\" data-element_type=\"section\" data-e-type=\"section\">\n\t\t\t\t\t\t<div class=\"elementor-container elementor-column-gap-default\">\n\t\t\t\t\t<div class=\"elementor-column elementor-col-100 elementor-top-column elementor-element elementor-element-7c040aca\" data-id=\"7c040aca\" data-element_type=\"column\" data-e-type=\"column\">\n\t\t\t<div class=\"elementor-widget-wrap elementor-element-populated\">\n\t\t\t\t\t\t<div class=\"elementor-element elementor-element-57954789 elementor-widget elementor-widget-text-editor\" data-id=\"57954789\" data-element_type=\"widget\" data-e-type=\"widget\" data-widget_type=\"text-editor.default\">\n\t\t\t\t<div class=\"elementor-widget-container\">\n\t\t\t\t\t\t\t\t\t<p data-start=\"200\" data-end=\"407\">Bienvenue au Programme de Parrainage Patient7. Cette page pr\u00e9sente les termes et conditions de notre initiative de parrainage, cr\u00e9\u00e9e pour remercier nos abonn\u00e9s actuels qui contribuent \u00e0 d\u00e9velopper le r\u00e9seau Patient7.<\/p>\n<p data-start=\"409\" data-end=\"572\">Notre Programme de Parrainage permet aux utilisateurs \u00e9ligibles de recevoir des r\u00e9compenses pour chaque nouvelle clinique qui s\u2019abonne avec succ\u00e8s \u00e0 la plateforme Patient7 gr\u00e2ce \u00e0 leur recommandation.<\/p>\n<p data-start=\"574\" data-end=\"862\">Dans ce document, nous utilisons le terme <strong data-start=\"608\" data-end=\"624\">\u00ab Abonn\u00e9 \u00bb<\/strong> pour d\u00e9signer une clinique ou un praticien disposant d\u2019un abonnement actif \u00e0 la plateforme Patient7. Nous utilisons <strong data-start=\"728\" data-end=\"742\">\u00ab Parrainage \u00bb<\/strong> pour d\u00e9crire l\u2019action de recommander une autre clinique \u00e0 Patient7 et <strong data-start=\"810\" data-end=\"823\">\u00ab Parrain\u00e9 \u00bb<\/strong> pour d\u00e9signer la clinique recommand\u00e9e.<\/p>\n<hr data-start=\"864\" data-end=\"867\">\n<h2 data-start=\"869\" data-end=\"888\">Pr\u00e9sentation du programme<\/h2>\n<p data-start=\"890\" data-end=\"1193\">Le Programme de Parrainage Patient7 a \u00e9t\u00e9 con\u00e7u pour r\u00e9compenser les abonn\u00e9s actuels qui recommandent de nouvelles cliniques \u00e0 nos Services. Lorsqu\u2019une clinique parrain\u00e9e s\u2019inscrit et devient un abonn\u00e9 actif de Patient7 pour une p\u00e9riode de <strong data-start=\"1094\" data-end=\"1114\">at least 30 days<\/strong>, the referring Subscriber is eligible to receive a <strong data-start=\"1166\" data-end=\"1176\">reward<\/strong> of their choice.<\/p>\n<hr data-start=\"1195\" data-end=\"1198\">\n<h2 data-start=\"1200\" data-end=\"1220\">R\u00e9compenses disponibles<\/h2>\n<p data-start=\"1222\" data-end=\"1361\">Une fois que le parrainage a \u00e9t\u00e9 v\u00e9rifi\u00e9 et que les conditions du programme sont remplies, l\u2019abonn\u00e9 parrain pourra choisir <strong data-start=\"1328\" data-end=\"1335\">one<\/strong> of the following rewards:<\/p>\n<ul data-start=\"1363\" data-end=\"1437\">\n<li data-start=\"1363\" data-end=\"1389\">\n<p data-start=\"1365\" data-end=\"1389\" class=\"translation-block\">Une <strong data-start=\"1370\">carte-cadeau de 50\u00a0$<\/strong><\/p>\n<\/li>\n<li data-start=\"1390\" data-end=\"1437\">\n<p data-start=\"1392\" data-end=\"1437\">Un <strong data-start=\"1397\" data-end=\"1437\">cr\u00e9dit d\u2019abonnement Patient7 d\u2019une dur\u00e9e d\u2019un mois<\/strong><\/p>\n<\/li>\n<\/ul>\n<p data-start=\"1439\" data-end=\"1576\" class=\"translation-block\">Il n\u2019y a <strong data-start=\"1448\" data-end=\"1460\">aucune limite<\/strong> au nombre de cliniques qu\u2019un abonn\u00e9 peut parrainer. Plusieurs r\u00e9compenses peuvent \u00eatre accumul\u00e9es pour chaque parrainage r\u00e9ussi.<\/p>\n<hr data-start=\"1578\" data-end=\"1581\">\n<h2 data-start=\"1583\" data-end=\"1608\">Fonctionnement du parrainage<\/h2>\n<p data-start=\"1610\" data-end=\"1625\">Pour participer :<\/p>\n<ol data-start=\"1627\" data-end=\"1914\">\n<li data-start=\"1627\" data-end=\"1710\">\n<p data-start=\"1630\" data-end=\"1710\">Le parrain\u00e9 (nouvelle clinique) doit mentionner le nom du parrain lors de son inscription.<\/p>\n<\/li>\n<li data-start=\"1711\" data-end=\"1771\">\n<p data-start=\"1714\" data-end=\"1771\">Patient7 v\u00e9rifie le parrainage en se basant sur cette information.<\/p>\n<\/li>\n<li data-start=\"1772\" data-end=\"1914\">\n<p data-start=\"1775\" data-end=\"1914\">Une fois que le parrain\u00e9 reste un abonn\u00e9 actif pendant <strong data-start=\"1825\" data-end=\"1848\">30 consecutive days<\/strong>, the Referrer will be contacted to select their preferred reward.<\/p>\n<\/li>\n<\/ol>\n<hr data-start=\"1916\" data-end=\"1919\">\n<h2 data-start=\"1921\" data-end=\"1935\">Crit\u00e8res d\u2019\u00e9ligibilit\u00e9<\/h2>\n<p data-start=\"1937\" data-end=\"1977\">Pour \u00eatre \u00e9ligible au Programme de Parrainage :<\/p>\n<ul data-start=\"1979\" data-end=\"2256\">\n<li data-start=\"1979\" data-end=\"2039\">\n<p data-start=\"1981\" data-end=\"2039\">Le parrain doit avoir un abonnement actif \u00e0 Patient7.<\/p>\n<\/li>\n<li data-start=\"2040\" data-end=\"2146\">\n<p data-start=\"2042\" data-end=\"2146\">Le parrain\u00e9 doit \u00eatre une <strong data-start=\"2064\" data-end=\"2078\">nouvelle clinique<\/strong> qui ne s\u2019est pas inscrit(e) auparavant ni n\u2019a b\u00e9n\u00e9fici\u00e9 d\u2019une p\u00e9riode d\u2019essai sur la plateforme Patient7.<\/p>\n<\/li>\n<li data-start=\"2147\" data-end=\"2256\">\n<p data-start=\"2149\" data-end=\"2256\">The Referee must subscribe and remain active on Patient7 for a <strong data-start=\"2212\" data-end=\"2234\">minimum de 30 jours<\/strong> apr\u00e8s l\u2019activation.<\/p>\n<\/li>\n<\/ul>\n<hr data-start=\"2258\" data-end=\"2261\">\n<h2 data-start=\"2263\" data-end=\"2286\">Termes et Conditions<\/h2>\n<ul data-start=\"2288\" data-end=\"2789\">\n<li data-start=\"2288\" data-end=\"2402\">\n<p data-start=\"2290\" data-end=\"2402\">Les r\u00e9compenses sont attribu\u00e9es uniquement apr\u00e8s la v\u00e9rification r\u00e9ussie et l\u2019ach\u00e8vement de la p\u00e9riode d\u2019activit\u00e9 de 30 jours par le parrain\u00e9.<\/p>\n<\/li>\n<li data-start=\"2403\" data-end=\"2495\">\n<p data-start=\"2405\" data-end=\"2495\">Les r\u00e9compenses sont non transf\u00e9rables et ne peuvent pas \u00eatre \u00e9chang\u00e9es contre de l\u2019argent ou une autre forme de compensation.<\/p>\n<\/li>\n<li data-start=\"2496\" data-end=\"2635\">\n<p data-start=\"2498\" data-end=\"2635\">Patient7 se r\u00e9serve le droit de valider, refuser ou annuler un parrainage en cas de suspicion de fraude, d\u2019utilisation abusive ou de violation des conditions du programme.<\/p>\n<\/li>\n<li data-start=\"2636\" data-end=\"2737\">\n<p data-start=\"2638\" data-end=\"2737\">Patient7 se r\u00e9serve le droit de modifier ou de mettre fin au Programme de Parrainage \u00e0 tout moment, sans pr\u00e9avis.<\/p>\n<\/li>\n<li data-start=\"2738\" data-end=\"2789\">\n<p data-start=\"2740\" data-end=\"2789\">Toutes les d\u00e9cisions prises par Patient7 concernant le programme sont d\u00e9finitives.<\/p>\n<\/li>\n<\/ul>\n<hr data-start=\"2791\" data-end=\"2794\">\n<h2 data-start=\"2796\" data-end=\"2819\">Questions ou Assistance<\/h2>\n<p data-start=\"2821\" data-end=\"3016\">Pour toute question concernant le Programme de Parrainage ou pour obtenir de l\u2019aide li\u00e9e \u00e0 un parrainage, veuillez nous contacter au:<br data-start=\"2922\" data-end=\"2925\">\ud83d\udce7: <a class=\"cursor-pointer\" rel=\"noopener\" data-start=\"2935\" data-end=\"2988\">jennifer@patient7.com<\/a><br data-start=\"2988\" data-end=\"2991\"><\/p>\n<p><strong data-start=\"3023\" data-end=\"3040\">Derni\u00e8re mise \u00e0 jour<\/strong> 11 juillet 2025<\/p>\t\t\t\t\t\t\t\t<\/div>\n\t\t\t\t<\/div>\n\t\t\t\t\t<\/div>\n\t\t<\/div>\n\t\t\t\t\t<\/div>\n\t\t<\/section>\n\t\t\t\t<\/div>","protected":false},"excerpt":{"rendered":"<p>Referral Program Welcome to the Patient7 Referral Program. This page outlines the terms and conditions of our referral initiative, which was created to thank our existing Subscribers for helping us grow the Patient7 network. Our Referral Program enables eligible users to earn rewards for each new clinic that successfully subscribes to the Patient7 platform through [&hellip;]<\/p>\n","protected":false},"author":7,"featured_media":0,"parent":0,"menu_order":0,"comment_status":"closed","ping_status":"closed","template":"","meta":{"content-type":"","footnotes":""},"class_list":["post-4830","page","type-page","status-publish","hentry"],"blocksy_meta":[],"aioseo_notices":[],"_links":{"self":[{"href":"https:\/\/patient7.com\/fr\/wp-json\/wp\/v2\/pages\/4830","targetHints":{"allow":["GET"]}}],"collection":[{"href":"https:\/\/patient7.com\/fr\/wp-json\/wp\/v2\/pages"}],"about":[{"href":"https:\/\/patient7.com\/fr\/wp-json\/wp\/v2\/types\/page"}],"author":[{"embeddable":true,"href":"https:\/\/patient7.com\/fr\/wp-json\/wp\/v2\/users\/7"}],"replies":[{"embeddable":true,"href":"https:\/\/patient7.com\/fr\/wp-json\/wp\/v2\/comments?post=4830"}],"version-history":[{"count":4,"href":"https:\/\/patient7.com\/fr\/wp-json\/wp\/v2\/pages\/4830\/revisions"}],"predecessor-version":[{"id":4836,"href":"https:\/\/patient7.com\/fr\/wp-json\/wp\/v2\/pages\/4830\/revisions\/4836"}],"wp:attachment":[{"href":"https:\/\/patient7.com\/fr\/wp-json\/wp\/v2\/media?parent=4830"}],"curies":[{"name":"wp","href":"https:\/\/api.w.org\/{rel}","templated":true}]}}