{"id":3642,"date":"2023-06-08T12:12:14","date_gmt":"2023-06-08T16:12:14","guid":{"rendered":"http:\/\/patient7.com\/?page_id=3642"},"modified":"2023-06-16T11:49:10","modified_gmt":"2023-06-16T15:49:10","slug":"migration-services","status":"publish","type":"page","link":"https:\/\/patient7.com\/fr\/migration-services\/","title":{"rendered":"Services de migration"},"content":{"rendered":"<div data-elementor-type=\"wp-page\" data-elementor-id=\"3642\" class=\"elementor elementor-3642\">\n\t\t\t\t<div class=\"elementor-element elementor-element-61045bd8 e-flex e-con-boxed e-con e-parent\" data-id=\"61045bd8\" data-element_type=\"container\" data-e-type=\"container\" data-settings=\"{&quot;background_background&quot;:&quot;classic&quot;}\">\n\t\t\t\t\t<div class=\"e-con-inner\">\n\t\t\t\t<div class=\"elementor-element elementor-element-2876f8bf elementor-widget elementor-widget-heading\" data-id=\"2876f8bf\" data-element_type=\"widget\" data-e-type=\"widget\" data-widget_type=\"heading.default\">\n\t\t\t\t<div class=\"elementor-widget-container\">\n\t\t\t\t\t<h2 class=\"elementor-heading-title elementor-size-default\">Services de migration<\/h2>\t\t\t\t<\/div>\n\t\t\t\t<\/div>\n\t\t\t\t\t<\/div>\n\t\t\t\t<\/div>\n\t\t\t\t<section class=\"elementor-section elementor-top-section elementor-element elementor-element-3ed2da34 elementor-section-boxed elementor-section-height-default elementor-section-height-default\" data-id=\"3ed2da34\" data-element_type=\"section\" data-e-type=\"section\">\n\t\t\t\t\t\t<div class=\"elementor-container elementor-column-gap-default\">\n\t\t\t\t\t<div class=\"elementor-column elementor-col-100 elementor-top-column elementor-element elementor-element-7c040aca\" data-id=\"7c040aca\" data-element_type=\"column\" data-e-type=\"column\">\n\t\t\t<div class=\"elementor-widget-wrap elementor-element-populated\">\n\t\t\t\t\t\t<div class=\"elementor-element elementor-element-57954789 elementor-widget elementor-widget-text-editor\" data-id=\"57954789\" data-element_type=\"widget\" data-e-type=\"widget\" data-widget_type=\"text-editor.default\">\n\t\t\t\t<div class=\"elementor-widget-container\">\n\t\t\t\t\t\t\t\t\t<p><\/p>\n<h1 class=\"wp-block-heading\"><\/h1>\n<h1 class=\"wp-block-heading\"><strong>Services de migration<\/strong><\/h1>\n<h1 class=\"wp-block-heading\"><strong> <\/strong><\/h1>\n<p>Transition en douceur vers un nouveau DME : un processus fiable et rationalis\u00e9<br><span style=\"font-size: inherit; text-align: inherit; background-color: var(--theme-palette-color-8); color: var(--theme-text-color); font-family: var(--fontFamily); font-style: var(--fontStyle, inherit); font-weight: var(--fontWeight); letter-spacing: var(--letterSpacing); text-transform: var(--textTransform);\"><br><\/span><\/p><p><span style=\"font-size: inherit; text-align: inherit; background-color: var(--theme-palette-color-8); color: var(--theme-text-color); font-family: var(--fontFamily); font-style: var(--fontStyle, inherit); font-weight: var(--fontWeight); letter-spacing: var(--letterSpacing); text-transform: var(--textTransform);\">La s\u00e9lection, la mise en \u0153uvre et l'utilisation efficaces d'un dossier m\u00e9dical \u00e9lectronique (DME) peuvent grandement am\u00e9liorer l'efficacit\u00e9 d'une clinique. Lorsqu'il s'agit de changer de DME, il est crucial de savoir par o\u00f9 commencer.<\/span><\/p>\n<h1 class=\"wp-block-heading\"> <\/h1>\n<p>Notre \u00e9quipe exp\u00e9riment\u00e9e d'experts en transfert de donn\u00e9es et en gestion de projet a d\u00e9velopp\u00e9 un processus \u00e9prouv\u00e9 qui produit constamment des r\u00e9sultats positifs, quelle que soit la taille ou les exigences uniques de votre cabinet m\u00e9dical. Avec plus d'une d\u00e9cennie d'expertise en migration de donn\u00e9es, allant des petites cliniques aux grands projets r\u00e9gionaux, votre clinique peut b\u00e9n\u00e9ficier de notre richesse de connaissances.<\/p>\n<h1 class=\"wp-block-heading\"> <\/h1>\n<p>B\u00e9n\u00e9ficiez d'un accompagnement complet et personnalis\u00e9 tout au long de la transition avec les \u00e9tapes suivantes :<\/p>\n<h1 class=\"wp-block-heading\"> <\/h1>\n<h5 class=\"wp-block-heading\">1- S\u00e9ance de lancement :<\/h5>\n<h1 class=\"wp-block-heading\"> <\/h1>\n<p>Au cours de cette session, les r\u00f4les et les responsabilit\u00e9s sont discut\u00e9s pour assurer la clart\u00e9 avant le d\u00e9but de la transition. En fonction des besoins technologiques et des priorit\u00e9s op\u00e9rationnelles sp\u00e9cifiques \u00e0 votre clinique, nos experts vous accompagnent dans la d\u00e9finition de la structure organisationnelle id\u00e9ale.<\/p>\n<h1 class=\"wp-block-heading\"> <\/h1>\n<h5 class=\"wp-block-heading\">2- Personnalisation<\/h5>\n<h1 class=\"wp-block-heading\"> <\/h1>\n<p>En utilisant les informations recueillies \u00e0 l'\u00e9tape pr\u00e9c\u00e9dente, nous personnalisons la plate-forme Patient7 pour qu'elle corresponde parfaitement \u00e0 vos besoins.<\/p>\n<h1 class=\"wp-block-heading\"> <\/h1>\n<h5 class=\"wp-block-heading\">3- Migration des donn\u00e9es<\/h5>\n<h1 class=\"wp-block-heading\"> <\/h1>\n<p>Nous garantissons le transfert s\u00e9curis\u00e9 de toutes vos donn\u00e9es, qu'elles proviennent d'un DME ou d'une autre source. Nos experts valident l'int\u00e9grit\u00e9 des donn\u00e9es et s'assurent qu'elles sont transf\u00e9r\u00e9es selon les meilleures pratiques \u00e9tablies.<\/p>\n<h1 class=\"wp-block-heading\"> <\/h1>\n<h5 class=\"wp-block-heading\">4- Configuration des interfaces<\/h5>\n<h1 class=\"wp-block-heading\"> <\/h1>\n<p>Nous connectons de mani\u00e8re transparente tous les syst\u00e8mes tiers \u00e0 votre environnement Patient7.<\/p>\n<h1 class=\"wp-block-heading\"> <\/h1>\n<h5 class=\"wp-block-heading\">5- Formation<\/h5>\n<h1 class=\"wp-block-heading\"> <\/h1>\n<p>Une formation sur mesure, dispens\u00e9e via une plateforme d'adoption num\u00e9rique et un acc\u00e8s \u00e0 l'environnement Patient7, est dispens\u00e9e \u00e0 tous les types d'utilisateurs avant la phase de mise en service. De plus, notre base de connaissances compl\u00e8te, compos\u00e9e d'articles, de pages d'accueil et de vid\u00e9os, est disponible pour soutenir davantage votre apprentissage.<\/p>\n<h1 class=\"wp-block-heading\"> <\/h1>\n<h5 class=\"wp-block-heading\">6- Int\u00e9gration et assistance<\/h5>\n<h1 class=\"wp-block-heading\"> <\/h1>\n<p>Notre \u00e9quipe d'experts d\u00e9ploie Patient7 en ligne et reste disponible pour tout appel ou r\u00e9union d'assistance suppl\u00e9mentaire afin d'assurer une exp\u00e9rience d'int\u00e9gration fluide au sein de votre clinique.<\/p>\n<h1 class=\"wp-block-heading\"> <\/h1>\n<h5 class=\"wp-block-heading\">7- S\u00e9ance de r\u00e9troaction<\/h5>\n<h1 class=\"wp-block-heading\"> <\/h1>\n<p>Nous organisons une r\u00e9union d\u00e9di\u00e9e pour examiner et \u00e9valuer les objectifs pr\u00e9alablement \u00e9tablis. Cela nous donne la possibilit\u00e9 de faire les ajustements n\u00e9cessaires et de collaborer avec vous au fur et \u00e0 mesure que vos besoins \u00e9voluent.<\/p>\n<h1 class=\"wp-block-heading\"> <\/h1>\n<h5 class=\"wp-block-heading\">8- Support client ultra rapide<\/h5>\n<h1 class=\"wp-block-heading\"> <\/h1>\n<p>Notre \u00e9quipe d'experts d\u00e9di\u00e9e est disponible 24 heures sur 24, r\u00e9pondant \u00e0 vos questions dans les deux minutes, quelle que soit l'heure de la journ\u00e9e.<\/p>\n<h1 class=\"wp-block-heading\"> <\/h1>\n<h5 class=\"wp-block-heading\">9- Suivis avec l'\u00e9quipe Succ\u00e8s Client<\/h5>\n<h1 class=\"wp-block-heading\"> <\/h1>\n<p>Notre \u00e9quipe de r\u00e9ussite client agit comme votre point de contact permanent, \u00e9tudiant en permanence les besoins de votre clinique et fournissant une formation et un soutien sur mesure pour vous aider \u00e0 atteindre vos objectifs. Nous accordons la priorit\u00e9 \u00e0 votre satisfaction \u00e0 long terme comme mesure cl\u00e9 d'une transition r\u00e9ussie.<\/p>\n<h1 class=\"wp-block-heading\"> <\/h1>\n<p>Faites l'exp\u00e9rience d'une transition en douceur vers un nouveau DME gr\u00e2ce \u00e0 notre processus fiable et \u00e0 notre engagement in\u00e9branlable envers le succ\u00e8s de votre clinique.<\/p>\n<h1 class=\"wp-block-heading\"><\/h1>\n<p><\/p>\t\t\t\t\t\t\t\t<\/div>\n\t\t\t\t<\/div>\n\t\t\t\t\t<\/div>\n\t\t<\/div>\n\t\t\t\t\t<\/div>\n\t\t<\/section>\n\t\t\t\t<\/div>","protected":false},"excerpt":{"rendered":"<p>Migration Services Migration Services Smooth Transition to a New EMR: A Reliable and Streamlined Process Selecting, implementing, and utilizing an electronic medical record (EMR) effectively can greatly enhance a clinic&#8217;s efficiency. When it comes to switching EMRs, it&#8217;s crucial to know where to begin. Our experienced team of data transfer and project management experts has [&hellip;]<\/p>\n","protected":false},"author":7,"featured_media":0,"parent":0,"menu_order":0,"comment_status":"closed","ping_status":"open","template":"","meta":{"content-type":"","footnotes":""},"class_list":["post-3642","page","type-page","status-publish","hentry"],"blocksy_meta":[],"aioseo_notices":[],"_links":{"self":[{"href":"https:\/\/patient7.com\/fr\/wp-json\/wp\/v2\/pages\/3642","targetHints":{"allow":["GET"]}}],"collection":[{"href":"https:\/\/patient7.com\/fr\/wp-json\/wp\/v2\/pages"}],"about":[{"href":"https:\/\/patient7.com\/fr\/wp-json\/wp\/v2\/types\/page"}],"author":[{"embeddable":true,"href":"https:\/\/patient7.com\/fr\/wp-json\/wp\/v2\/users\/7"}],"replies":[{"embeddable":true,"href":"https:\/\/patient7.com\/fr\/wp-json\/wp\/v2\/comments?post=3642"}],"version-history":[{"count":4,"href":"https:\/\/patient7.com\/fr\/wp-json\/wp\/v2\/pages\/3642\/revisions"}],"predecessor-version":[{"id":3646,"href":"https:\/\/patient7.com\/fr\/wp-json\/wp\/v2\/pages\/3642\/revisions\/3646"}],"wp:attachment":[{"href":"https:\/\/patient7.com\/fr\/wp-json\/wp\/v2\/media?parent=3642"}],"curies":[{"name":"wp","href":"https:\/\/api.w.org\/{rel}","templated":true}]}}