{"id":2483,"date":"2023-03-19T21:22:56","date_gmt":"2023-03-19T21:22:56","guid":{"rendered":"http:\/\/patient7.com\/?page_id=2483"},"modified":"2023-06-21T22:14:25","modified_gmt":"2023-06-22T02:14:25","slug":"privacy-policy","status":"publish","type":"page","link":"https:\/\/patient7.com\/fr\/privacy-policy\/","title":{"rendered":"Politique de confidentialit\u00e9"},"content":{"rendered":"<div data-elementor-type=\"wp-page\" data-elementor-id=\"2483\" class=\"elementor elementor-2483\">\n\t\t\t\t<div class=\"elementor-element elementor-element-61045bd8 e-flex e-con-boxed e-con e-parent\" data-id=\"61045bd8\" data-element_type=\"container\" data-e-type=\"container\" data-settings=\"{&quot;background_background&quot;:&quot;classic&quot;}\">\n\t\t\t\t\t<div class=\"e-con-inner\">\n\t\t\t\t<div class=\"elementor-element elementor-element-2876f8bf elementor-widget elementor-widget-heading\" data-id=\"2876f8bf\" data-element_type=\"widget\" data-e-type=\"widget\" data-widget_type=\"heading.default\">\n\t\t\t\t<div class=\"elementor-widget-container\">\n\t\t\t\t\t<h2 class=\"elementor-heading-title elementor-size-default\">Politique de confidentialit\u00e9<\/h2>\t\t\t\t<\/div>\n\t\t\t\t<\/div>\n\t\t\t\t\t<\/div>\n\t\t\t\t<\/div>\n\t\t\t\t<section class=\"elementor-section elementor-top-section elementor-element elementor-element-3ed2da34 elementor-section-boxed elementor-section-height-default elementor-section-height-default\" data-id=\"3ed2da34\" data-element_type=\"section\" data-e-type=\"section\">\n\t\t\t\t\t\t<div class=\"elementor-container elementor-column-gap-default\">\n\t\t\t\t\t<div class=\"elementor-column elementor-col-100 elementor-top-column elementor-element elementor-element-7c040aca\" data-id=\"7c040aca\" data-element_type=\"column\" data-e-type=\"column\">\n\t\t\t<div class=\"elementor-widget-wrap elementor-element-populated\">\n\t\t\t\t\t\t<div class=\"elementor-element elementor-element-57954789 elementor-widget elementor-widget-text-editor\" data-id=\"57954789\" data-element_type=\"widget\" data-e-type=\"widget\" data-widget_type=\"text-editor.default\">\n\t\t\t\t<div class=\"elementor-widget-container\">\n\t\t\t\t\t\t\t\t\t<h5>Politique de confidentialit\u00e9<\/h5>\nBienvenue chez Patient7 ! Cette politique de confidentialit\u00e9 d\u00e9crit la mani\u00e8re dont les informations personnelles sont collect\u00e9es, utilis\u00e9es et stock\u00e9es via l'utilisation de notre plateforme de gestion de clinique et via l'utilisation de nos sites Web et de nos ressources Web. Nous d\u00e9signons notre plateforme, nos sites Web et nos ressources Web par le terme \u00ab Services \u00bb.\n<h5><\/h5>\n<h5>Avis aux patients<\/h5>\nPourquoi Patient7 collecte des informations personnelles Patient7 collecte des informations personnelles afin de fournir nos services \u00e0 nos abonn\u00e9s et \u00e0 leurs utilisateurs, d'en savoir plus sur l'utilisation de nos services (\u00e0 des fins d'am\u00e9lioration, d'accessibilit\u00e9 et de contenu pertinent) et de vous fournir des informations sur nos services. , y compris les fonctionnalit\u00e9s et les promotions. Nous collectons uniquement le minimum d'informations personnelles n\u00e9cessaires \u00e0 ces fins.\n<h5><\/h5>\n<h5>Informations que Patient7 recueille aupr\u00e8s de vous<\/h5>\nCoordonn\u00e9es. Nous collectons vos informations de contact, telles que votre nom, votre adresse e-mail et votre organisation lorsque vous remplissez nos formulaires en ligne ou cr\u00e9ez votre compte utilisateur pour nos Services. Nous utilisons vos coordonn\u00e9es pour activer votre compte utilisateur, vous donner acc\u00e8s aux Services et pour vous envoyer des notifications concernant votre compte utilisateur.\n\nNous pouvons \u00e9galement utiliser vos coordonn\u00e9es \u00e0 des fins de marketing, telles que des e-mails promotionnels, du publipostage et des contacts commerciaux. Vous pouvez vous d\u00e9sinscrire de nos communications marketing \u00e0 tout moment en vous d\u00e9sinscrivant ou en nous contactant \u00e0 <a style=\"color: blue; text-decoration-line: underline;\" href=\"mailto:support@patient7.com\" target=\"_new\">support@patient7.com<\/a>.<br><br>\n\nVeuillez noter que Patient7 ne recueille ni ne g\u00e8re les coordonn\u00e9es des patients ou toute communication marketing ou autre entre un abonn\u00e9 et ses patients.\n<h5><\/h5>\n<h5>D\u00e9tails de facturation<\/h5>\nLorsqu'un Abonn\u00e9 s'abonne \u00e0 nos Services, nous collectons \u00e9galement des informations de carte de cr\u00e9dit pour traiter le paiement via un tiers \u00ab Stripe \u00bb.\n\nLes informations de carte de cr\u00e9dit sont fournies directement \u00e0 notre processeur de paiement et sont trait\u00e9es d'une mani\u00e8re conforme \u00e0 la norme PCI. Nous ne conservons pas les informations de votre carte de cr\u00e9dit. Notez que lorsque les informations de carte de cr\u00e9dit sont dites \u00ab stock\u00e9es \u00bb, cela signifie que nous avons un \u00ab jeton \u00bb.\n\nLe jeton remplace les informations sensibles et agit comme un espace r\u00e9serv\u00e9 non sensible qui peut \u00eatre utilis\u00e9 par le processeur de paiement pour r\u00e9f\u00e9rencer les informations de votre carte de cr\u00e9dit lorsque des paiements doivent \u00eatre trait\u00e9s.\n<h5>Informations sur la journalisation et le p\u00e9riph\u00e9rique<\/h5>\nLorsque vous acc\u00e9dez et parcourez nos Services, nous collectons des informations sur la mani\u00e8re dont vous acc\u00e9dez \u00e0 nos Services, telles que votre connexion Internet ou r\u00e9seau mobile, votre navigateur ou le type d'appareil mobile que vous utilisez (le cas \u00e9ch\u00e9ant).\n\nNous utilisons ces informations de journal et d'appareil pour identifier la mani\u00e8re dont nos services sont consult\u00e9s et utilis\u00e9s afin de pouvoir les optimiser en fonction des types de connexions, de navigateurs et d'appareils utilis\u00e9s.\n\nCes informations ne sont pas utilis\u00e9es pour commercialiser ou envoyer des promotions au niveau d'un utilisateur individuel.\n<h5>Cookies et informations de suivi<\/h5>\nNotre site Web utilise des cookies. Les cookies sont de petits fichiers de donn\u00e9es t\u00e9l\u00e9charg\u00e9s sur votre ordinateur ou appareil par un site Web. Votre navigateur internet vous permet de g\u00e9rer les cookies via ses menus \u00ab param\u00e8tres \u00bb ou \u00ab options \u00bb. Vous pouvez modifier les param\u00e8tres de votre navigateur pour afficher un avertissement avant d'accepter un cookie ou pour refuser tous les cookies. Vous pouvez \u00e9galement supprimer les cookies \u00e0 tout moment ; cependant, veuillez noter que certains cookies doivent rester afin d'utiliser certaines parties des Services. Nous utilisons \u00e9galement des balises Web, qui sont de minuscules images graphiques ou des extraits de code int\u00e9gr\u00e9s dans nos sites Web et nos e-mails.\n<h5><\/h5>\n<h5>Donn\u00e9es patients<\/h5>\nComme mentionn\u00e9 pr\u00e9c\u00e9demment, si vous \u00eates un patient de l'une de nos cliniques ou praticiens abonn\u00e9s, votre clinique ou praticien contr\u00f4le les informations de votre patient. Nous n\u2019acc\u00e9dons ni ne g\u00e9rons directement les informations sur les patients.\n\nToute information que vous fournissez \u00e0 votre clinique ou praticien, y compris les informations personnelles, les ant\u00e9c\u00e9dents m\u00e9dicaux et les dossiers de traitement, est soumise aux pratiques et politiques de confidentialit\u00e9 de cette clinique ou praticien. Si vous avez des questions ou des pr\u00e9occupations concernant les informations de votre patient, veuillez contacter directement votre clinique ou votre praticien.\n<h5><\/h5>\n<h5>Comment Patient7 partage les informations<\/h5>\nPatient7 peut partager des informations personnelles avec des prestataires de services tiers qui nous aident \u00e0 exploiter nos services, \u00e0 mener des activit\u00e9s commerciales et \u00e0 fournir une assistance client. Ces prestataires de services sont autoris\u00e9s \u00e0 utiliser les informations personnelles uniquement dans la mesure n\u00e9cessaire pour nous fournir les services demand\u00e9s. Nous pouvons \u00e9galement partager des informations personnelles avec nos filiales et soci\u00e9t\u00e9s affili\u00e9es \u00e0 des fins conformes \u00e0 la pr\u00e9sente politique de confidentialit\u00e9.\n\nDe plus, Patient7 peut divulguer des informations personnelles dans les circonstances suivantes\u00a0:\n<ul>\n \t<li>Conformit\u00e9 aux lois : nous pouvons partager des informations personnelles pour nous conformer aux lois, r\u00e9glementations, proc\u00e9dures judiciaires ou demandes gouvernementales applicables.<\/li>\n \t<li>Protection des droits et de la s\u00e9curit\u00e9 : nous pouvons partager des informations personnelles si nous pensons qu'il est n\u00e9cessaire d'enqu\u00eater, de pr\u00e9venir ou de prendre des mesures concernant des activit\u00e9s ill\u00e9gales, des soup\u00e7ons de fraude, des situations impliquant des menaces potentielles pour la s\u00e9curit\u00e9 physique de toute personne, des violations de nos conditions d'utilisation. , ou autrement requis par la loi.<\/li>\n \t<li>Transferts d'entreprise : En cas de fusion, d'acquisition ou de vente de tout ou partie de nos actifs, les informations personnelles peuvent \u00eatre transf\u00e9r\u00e9es \u00e0 l'entit\u00e9 acqu\u00e9reuse.<\/li>\n \t<li>Avec votre consentement : Nous pouvons partager des informations personnelles avec votre consentement ou selon vos instructions.<\/li>\n<\/ul>\n<h5>La conservation des donn\u00e9es<\/h5>\nPatient7 conserve les informations personnelles aussi longtemps que n\u00e9cessaire pour remplir les finalit\u00e9s pour lesquelles elles ont \u00e9t\u00e9 collect\u00e9es et pour se conformer aux obligations l\u00e9gales. Si vous souhaitez demander la suppression de vos informations personnelles, veuillez nous contacter en utilisant les coordonn\u00e9es fournies \u00e0 la fin de cette politique de confidentialit\u00e9. Veuillez noter que nous pouvons avoir besoin de conserver certaines informations \u00e0 des fins de tenue de registres, pour effectuer des transactions ou comme l'exige la loi.\n<h5>Securit\u00e9<\/h5>\nPatient7 prend des mesures raisonnables pour prot\u00e9ger les informations personnelles contre la perte, le vol, l'acc\u00e8s non autoris\u00e9, la divulgation, l'alt\u00e9ration et la destruction. Nous utilisons des pratiques et des technologies de s\u00e9curit\u00e9 conformes aux normes de l'industrie pour prot\u00e9ger les informations personnelles. Cependant, aucune m\u00e9thode de transmission sur Internet ou m\u00e9thode de stockage \u00e9lectronique n'est s\u00fbre \u00e0 100 %. Par cons\u00e9quent, bien que nous nous efforcions d'utiliser des moyens commercialement acceptables pour prot\u00e9ger les informations personnelles, nous ne pouvons garantir leur s\u00e9curit\u00e9 absolue.\n<h5>Vos droits et choix<\/h5>\nSi vous avez un compte chez Patient7, vous pouvez acc\u00e9der, mettre \u00e0 jour, corriger ou supprimer vos informations personnelles en vous connectant \u00e0 votre compte ou en nous contactant directement. Vous pouvez \u00e9galement vous d\u00e9sabonner de nos communications marketing en suivant les instructions fournies dans les e-mails ou en nous contactant \u00e0 l'adresse e-mail indiqu\u00e9e ci-dessous.\n<h5>Modifications de cette politique de confidentialit\u00e9<\/h5>\nPatient7 peut mettre \u00e0 jour cette politique de confidentialit\u00e9 de temps \u00e0 autre. Toute modification que nous apportons \u00e0 cette politique de confidentialit\u00e9 sera publi\u00e9e sur cette page, et la politique de confidentialit\u00e9 mise \u00e0 jour indiquera la date \u00e0 laquelle elle a \u00e9t\u00e9 r\u00e9vis\u00e9e pour la derni\u00e8re fois. Nous vous encourageons \u00e0 consulter r\u00e9guli\u00e8rement cette politique de confidentialit\u00e9 pour tout changement. Votre utilisation continue de nos Services apr\u00e8s la publication de modifications constitue votre acceptation de ces modifications.\n<h5>Contactez-nous<\/h5>\nSi vous avez des questions ou des pr\u00e9occupations concernant notre politique de confidentialit\u00e9 et nos pratiques de confidentialit\u00e9, veuillez nous contacter \u00e0 : T\u00e9l : +1 (844) 727-8860, Email : support@patient7.com\n<h5>Clause de non-responsabilit\u00e9<\/h5>\nVeuillez noter que cette politique de confidentialit\u00e9 s'applique uniquement au site Web et aux services de Patient7 et ne s'applique pas aux sites Web ou services tiers li\u00e9s \u00e0 ou \u00e0 partir de nos services. Nous ne sommes pas responsables des pratiques de confidentialit\u00e9 ou du contenu de ces sites Web ou services tiers. Nous vous encourageons \u00e0 lire les politiques de confidentialit\u00e9 de ces tiers pour comprendre comment ils collectent, utilisent et partagent vos informations personnelles.\n<br><br>\nDerni\u00e8re mise \u00e0 jour : 31 mai 2023\t\t\t\t\t\t\t\t<\/div>\n\t\t\t\t<\/div>\n\t\t\t\t\t<\/div>\n\t\t<\/div>\n\t\t\t\t\t<\/div>\n\t\t<\/section>\n\t\t\t\t<\/div>","protected":false},"excerpt":{"rendered":"<p>Privacy Policy Privacy Policy Welcome to Patient7! This Privacy Policy describes how personal information is collected, used, and stored through the use of our clinic management platform and through the use of our websites and web-based resources. We refer to our platform, websites, and web-based resources as the &#8220;Services&#8221;. In this Policy, we use the [&hellip;]<\/p>\n","protected":false},"author":3,"featured_media":0,"parent":0,"menu_order":0,"comment_status":"closed","ping_status":"open","template":"","meta":{"content-type":"","footnotes":""},"class_list":["post-2483","page","type-page","status-publish","hentry"],"blocksy_meta":[],"aioseo_notices":[],"_links":{"self":[{"href":"https:\/\/patient7.com\/fr\/wp-json\/wp\/v2\/pages\/2483","targetHints":{"allow":["GET"]}}],"collection":[{"href":"https:\/\/patient7.com\/fr\/wp-json\/wp\/v2\/pages"}],"about":[{"href":"https:\/\/patient7.com\/fr\/wp-json\/wp\/v2\/types\/page"}],"author":[{"embeddable":true,"href":"https:\/\/patient7.com\/fr\/wp-json\/wp\/v2\/users\/3"}],"replies":[{"embeddable":true,"href":"https:\/\/patient7.com\/fr\/wp-json\/wp\/v2\/comments?post=2483"}],"version-history":[{"count":34,"href":"https:\/\/patient7.com\/fr\/wp-json\/wp\/v2\/pages\/2483\/revisions"}],"predecessor-version":[{"id":4032,"href":"https:\/\/patient7.com\/fr\/wp-json\/wp\/v2\/pages\/2483\/revisions\/4032"}],"wp:attachment":[{"href":"https:\/\/patient7.com\/fr\/wp-json\/wp\/v2\/media?parent=2483"}],"curies":[{"name":"wp","href":"https:\/\/api.w.org\/{rel}","templated":true}]}}